{"id":224244,"date":"2021-06-10T14:36:00","date_gmt":"2021-06-10T12:36:00","guid":{"rendered":"https:\/\/bmemballage.com\/en\/?page_id=224244"},"modified":"2021-06-10T15:01:24","modified_gmt":"2021-06-10T13:01:24","slug":"our-news","status":"publish","type":"page","link":"https:\/\/lab.bmemballage.com\/en\/our-news\/","title":{"rendered":"OUR NEWS"},"content":{"rendered":"<p>[et_pb_section fb_built=&#8221;1&#8243; _builder_version=&#8221;4.5.6&#8243; _module_preset=&#8221;default&#8221; background_image=&#8221;https:\/\/lab.bmemballage.com\/en\/wp-content\/uploads\/sites\/6\/2020\/07\/vineyard-102072_1920.jpg&#8221; custom_padding=&#8221;0px||0px|||&#8221; da_disable_devices=&#8221;off|off|off&#8221; da_is_popup=&#8221;off&#8221; da_exit_intent=&#8221;off&#8221; da_has_close=&#8221;on&#8221; da_alt_close=&#8221;off&#8221; da_dark_close=&#8221;off&#8221; da_not_modal=&#8221;on&#8221; da_is_singular=&#8221;off&#8221; da_with_loader=&#8221;off&#8221; da_has_shadow=&#8221;on&#8221;][et_pb_row use_custom_gutter=&#8221;on&#8221; gutter_width=&#8221;1&#8243; _builder_version=&#8221;4.5.6&#8243; _module_preset=&#8221;default&#8221; background_color=&#8221;rgba(0,0,0,0.44)&#8221; width=&#8221;100%&#8221; max_width=&#8221;1920px&#8221; custom_padding=&#8221;266px||266px||true|&#8221;][et_pb_column type=&#8221;4_4&#8243; _builder_version=&#8221;4.5.6&#8243; _module_preset=&#8221;default&#8221;][et_pb_text admin_label=&#8221;TITRE&#8221; _builder_version=&#8221;4.9.4&#8243; _module_preset=&#8221;b1c20f6d-462d-4d74-87a7-b647eae790cf&#8221; text_font=&#8221;Open Sans|600|||||||&#8221; text_text_color=&#8221;#ffffff&#8221; text_font_size=&#8221;43px&#8221; header_font=&#8221;Montserrat|600|||||||&#8221; header_text_color=&#8221;#f4d010&#8243; header_font_size=&#8221;44px&#8221; text_orientation=&#8221;center&#8221; width_tablet=&#8221;&#8221; width_phone=&#8221;100%&#8221; width_last_edited=&#8221;on|phone&#8221; header_font_size_tablet=&#8221;&#8221; header_font_size_phone=&#8221;22px&#8221; header_font_size_last_edited=&#8221;on|phone&#8221;]<\/p>\n<h1>OUR NEWS<\/h1>\n<p>[\/et_pb_text][\/et_pb_column][\/et_pb_row][\/et_pb_section][et_pb_section fb_built=&#8221;1&#8243; _builder_version=&#8221;4.5.6&#8243; _module_preset=&#8221;default&#8221; background_color=&#8221;rgba(0,0,0,0)&#8221; custom_padding=&#8221;53px||||false|false&#8221; da_disable_devices=&#8221;off|off|off&#8221; da_is_popup=&#8221;off&#8221; da_exit_intent=&#8221;off&#8221; da_has_close=&#8221;on&#8221; da_alt_close=&#8221;off&#8221; da_dark_close=&#8221;off&#8221; da_not_modal=&#8221;on&#8221; da_is_singular=&#8221;off&#8221; da_with_loader=&#8221;off&#8221; da_has_shadow=&#8221;on&#8221;][et_pb_row _builder_version=&#8221;4.5.1&#8243; _module_preset=&#8221;default&#8221; custom_padding=&#8221;5px||51px|||&#8221; locked=&#8221;off&#8221;][et_pb_column type=&#8221;4_4&#8243; _builder_version=&#8221;4.5.1&#8243; _module_preset=&#8221;default&#8221;][et_pb_text _builder_version=&#8221;4.9.1&#8243; _module_preset=&#8221;1c3ed268-e51d-4770-a6b8-cd881930577b&#8221; text_font=&#8221;Open Sans|600|||||||&#8221; text_text_color=&#8221;#224584&#8243; text_font_size=&#8221;28px&#8221; text_orientation=&#8221;center&#8221; custom_padding=&#8221;10px||11px||false|false&#8221; text_font_size_tablet=&#8221;&#8221; text_font_size_phone=&#8221;16px&#8221; text_font_size_last_edited=&#8221;on|phone&#8221;]\u00c9v\u00e9nements, salons, nouveaut\u00e9s, informations, actualit\u00e9s de l&#8217;entreprise<br \/>\n[\/et_pb_text][\/et_pb_column][\/et_pb_row][et_pb_row _builder_version=&#8221;4.5.6&#8243; _module_preset=&#8221;default&#8221; custom_padding=&#8221;0px||||false|false&#8221;][et_pb_column type=&#8221;4_4&#8243; _builder_version=&#8221;4.5.6&#8243; _module_preset=&#8221;default&#8221;][et_pb_de_mach_archive_loop post_type_choose=&#8221;news&#8221; loop_layout=&#8221;224258&#8243; link_whole_gird=&#8221;on&#8221; equal_height=&#8221;on&#8221; align_last_bottom=&#8221;on&#8221; columns=&#8221;3&#8243; _builder_version=&#8221;4.9.4&#8243; _module_preset=&#8221;default&#8221; excerpt_text_color=&#8221;#e02b20&#8243; excerpt_line_height=&#8221;1.6em&#8221; custom_button=&#8221;on&#8221; button_text_size=&#8221;28px&#8221; button_text_color=&#8221;#e02b20&#8243; hover_enabled=&#8221;0&#8243; locked=&#8221;off&#8221; sticky_enabled=&#8221;0&#8243;][\/et_pb_de_mach_archive_loop][\/et_pb_column][\/et_pb_row][\/et_pb_section][et_pb_section fb_built=&#8221;1&#8243; custom_padding_last_edited=&#8221;on|phone&#8221; _builder_version=&#8221;4.6.5&#8243; _module_preset=&#8221;default&#8221; custom_padding=&#8221;109px|||||&#8221; custom_padding_tablet=&#8221;&#8221; custom_padding_phone=&#8221;109px||40px||false|false&#8221; da_disable_devices=&#8221;off|off|off&#8221; global_module=&#8221;223510&#8243; saved_tabs=&#8221;all&#8221; locked=&#8221;off&#8221; da_is_popup=&#8221;off&#8221; da_exit_intent=&#8221;off&#8221; da_has_close=&#8221;on&#8221; da_alt_close=&#8221;off&#8221; da_dark_close=&#8221;off&#8221; da_not_modal=&#8221;on&#8221; da_is_singular=&#8221;off&#8221; da_with_loader=&#8221;off&#8221; da_has_shadow=&#8221;on&#8221;][et_pb_row _builder_version=&#8221;4.9.4&#8243; _module_preset=&#8221;default&#8221; custom_margin=&#8221;-57px|auto||auto||&#8221;][et_pb_column type=&#8221;4_4&#8243; _builder_version=&#8221;4.5.6&#8243; _module_preset=&#8221;default&#8221;][dica_divi_carousel item_width=&#8221;175px&#8221; transition_duration=&#8221;1500&#8243; autoplay=&#8221;on&#8221; item_spacing=&#8221;50&#8243; _builder_version=&#8221;4.9.4&#8243; _module_preset=&#8221;23598ee3-8185-4a6c-9204-3bfb2b846f6f&#8221;][dica_divi_carouselitem title=&#8221;BM6&#8243; url=&#8221;https:\/\/lab.bmemballage.com\/en\/pruning-machine-bm6\/&#8221; button_url_new_window=&#8221;1&#8243; image=&#8221;https:\/\/lab.bmemballage.com\/en\/wp-content\/uploads\/sites\/6\/2020\/08\/BM-EMBALLAGE-BM6-MACHINE-A-DEVRILLER-LA-VIGNE-MERE.png&#8221; _builder_version=&#8221;4.9.4&#8243; _module_preset=&#8221;default&#8221; body_font=&#8221;Open Sans|600|||||||&#8221; body_font_size=&#8221;12px&#8221; body_line_height=&#8221;1.4em&#8221;]<\/p>\n<p>PRUNING MACHINE<\/p>\n<p>[\/dica_divi_carouselitem][dica_divi_carouselitem title=&#8221;BM8&#8243; url=&#8221;https:\/\/lab.bmemballage.com\/en\/disbudding-machine-bm8\/&#8221; button_url_new_window=&#8221;1&#8243; image=&#8221;https:\/\/lab.bmemballage.com\/en\/wp-content\/uploads\/sites\/6\/2020\/08\/BM-EMBALLAGE-BM8-MACHINE-A-EBOURGEONNER-ET-DEBOUTURER-LA-VIGNE-MERE.png&#8221; _builder_version=&#8221;4.6.5&#8243; _module_preset=&#8221;default&#8221; body_font=&#8221;Open Sans|600|||||||&#8221; body_font_size=&#8221;12px&#8221; body_line_height=&#8221;1.4em&#8221;]<\/p>\n<p>DISBUDDING MACHINE<\/p>\n<p>[\/dica_divi_carouselitem][dica_divi_carouselitem title=&#8221;BM116&#8243; url=&#8221;https:\/\/lab.bmemballage.com\/en\/machine-haute-cadence-pour-la-coupe-des-porte-greffes-bm116\/&#8221; button_url_new_window=&#8221;1&#8243; image=&#8221;https:\/\/lab.bmemballage.com\/en\/wp-content\/uploads\/sites\/6\/2020\/08\/BM-EMBALLAGE-MACHINE-POUR-LA-COUPE-DES-PORTE-GREFFES.png&#8221; _builder_version=&#8221;4.9.4&#8243; _module_preset=&#8221;default&#8221; body_font=&#8221;Open Sans|600|||||||&#8221; body_font_size=&#8221;12px&#8221; body_line_height=&#8221;1.4em&#8221;]<\/p>\n<p>CUTTING ROOTSTOCK MACHINE<\/p>\n<p>[\/dica_divi_carouselitem][dica_divi_carouselitem title=&#8221;BM76G&#8221; url=&#8221;https:\/\/lab.bmemballage.com\/en\/pruning-machine-for-rootstock-bm116\/&#8221; button_url_new_window=&#8221;1&#8243; image=&#8221;https:\/\/lab.bmemballage.com\/en\/wp-content\/uploads\/sites\/6\/2020\/08\/BM-EMBALLAGE-MACHINE-POUR-LA-COUPE-DES-GREFFONS.png&#8221; _builder_version=&#8221;4.9.4&#8243; _module_preset=&#8221;default&#8221; body_font=&#8221;Open Sans|600|||||||&#8221; body_font_size=&#8221;12px&#8221; body_line_height=&#8221;1.4em&#8221;]<\/p>\n<p>CUTTING AND DIAMETER SORTING SCION MACHINE<\/p>\n<p>[\/dica_divi_carouselitem][dica_divi_carouselitem title=&#8221;BM76S&#8221; url=&#8221;https:\/\/lab.bmemballage.com\/en\/cutting-scions-machine-speed-bm76s\/&#8221; button_url_new_window=&#8221;1&#8243; image=&#8221;https:\/\/lab.bmemballage.com\/en\/wp-content\/uploads\/sites\/6\/2020\/08\/BM76S_0003_BM76S-360.103.jpg&#8221; _builder_version=&#8221;4.9.4&#8243; _module_preset=&#8221;default&#8221; body_font=&#8221;Open Sans|600|||||||&#8221; body_font_size=&#8221;12px&#8221; body_line_height=&#8221;1.4em&#8221;]<\/p>\n<p>CUTTING SCION MACHINE &#8211; SPEED<\/p>\n<p>[\/dica_divi_carouselitem][dica_divi_carouselitem title=&#8221;B18P&#8221; url=&#8221;https:\/\/lab.bmemballage.com\/en\/semi-automatic-strapping-machine-b18p\/&#8221; button_url_new_window=&#8221;1&#8243; image=&#8221;https:\/\/lab.bmemballage.com\/en\/wp-content\/uploads\/sites\/6\/2020\/08\/BM-EMBALLAGE-B18P-CERCLEUSE-SEMI-AUTOMATIQUE.png&#8221; _builder_version=&#8221;4.6.5&#8243; _module_preset=&#8221;default&#8221; body_font=&#8221;Open Sans|600|||||||&#8221; body_font_size=&#8221;12px&#8221; body_line_height=&#8221;1.4em&#8221;]<\/p>\n<p>SEMI-AUTOMATIC STRAPPING MACHINE<\/p>\n<p>[\/dica_divi_carouselitem][\/dica_divi_carousel][\/et_pb_column][\/et_pb_row][et_pb_row _builder_version=&#8221;4.5.6&#8243; _module_preset=&#8221;default&#8221;][et_pb_column type=&#8221;4_4&#8243; _builder_version=&#8221;4.5.6&#8243; _module_preset=&#8221;default&#8221;][et_pb_button button_url=&#8221;https:\/\/lab.bmemballage.com\/en\/all-our-machines\/&#8221; button_text=&#8221;FIND OUT MORE&#8221; _builder_version=&#8221;4.6.5&#8243; _module_preset=&#8221;default&#8221; button_text_color=&#8221;#224584&#8243; button_border_color=&#8221;#224584&#8243; custom_padding_tablet=&#8221;&#8221; custom_padding_phone=&#8221;10px||10px||false|false&#8221; custom_padding_last_edited=&#8221;on|phone&#8221; button_text_size_tablet=&#8221;&#8221; button_text_size_phone=&#8221;18px&#8221; button_text_size_last_edited=&#8221;on|phone&#8221;][\/et_pb_button][\/et_pb_column][\/et_pb_row][\/et_pb_section][et_pb_section fb_built=&#8221;1&#8243; custom_padding_last_edited=&#8221;on|phone&#8221; _builder_version=&#8221;4.6.5&#8243; _module_preset=&#8221;default&#8221; background_color=&#8221;#f2f2f2&#8243; custom_padding=&#8221;0px||19px||false|false&#8221; custom_padding_tablet=&#8221;&#8221; custom_padding_phone=&#8221;||20px||false|false&#8221; da_disable_devices=&#8221;off|off|off&#8221; da_is_popup=&#8221;off&#8221; da_exit_intent=&#8221;off&#8221; da_has_close=&#8221;on&#8221; da_alt_close=&#8221;off&#8221; da_dark_close=&#8221;off&#8221; da_not_modal=&#8221;on&#8221; da_is_singular=&#8221;off&#8221; da_with_loader=&#8221;off&#8221; da_has_shadow=&#8221;on&#8221;][et_pb_row custom_padding_last_edited=&#8221;on|phone&#8221; _builder_version=&#8221;4.6.5&#8243; _module_preset=&#8221;default&#8221; custom_padding=&#8221;88px|||||&#8221; custom_padding_tablet=&#8221;&#8221; custom_padding_phone=&#8221;40px||||false|false&#8221;][et_pb_column type=&#8221;4_4&#8243; _builder_version=&#8221;4.6.5&#8243; _module_preset=&#8221;default&#8221; custom_padding_tablet=&#8221;&#8221; custom_padding_phone=&#8221;||0px||false|false&#8221; custom_padding_last_edited=&#8221;on|phone&#8221;][et_pb_text _builder_version=&#8221;4.6.5&#8243; _module_preset=&#8221;9f353592-c401-4573-8e18-c215935ce6ec&#8221; text_font_size=&#8221;30px&#8221; custom_padding_tablet=&#8221;&#8221; custom_padding_phone=&#8221;||20px||false|false&#8221; custom_padding_last_edited=&#8221;on|phone&#8221; scroll_vertical_motion_enable=&#8221;on&#8221; scroll_vertical_motion=&#8221;0|50|50|100|4|0|0&#8243; text_font_size_tablet=&#8221;&#8221; text_font_size_phone=&#8221;18px&#8221; text_font_size_last_edited=&#8221;on|phone&#8221;]Pour toute demande de devis et d&#8217;informations,<br \/>\nn&#8217;h\u00e9sitez pas \u00e0 prendre contact avec nos conseillers<br \/>\n[\/et_pb_text][\/et_pb_column][\/et_pb_row][et_pb_row custom_padding_last_edited=&#8221;on|phone&#8221; _builder_version=&#8221;4.6.5&#8243; _module_preset=&#8221;default&#8221; custom_padding=&#8221;30px|||||&#8221; custom_padding_tablet=&#8221;&#8221; custom_padding_phone=&#8221;0px||||false|false&#8221;][et_pb_column type=&#8221;4_4&#8243; _builder_version=&#8221;4.5.6&#8243; _module_preset=&#8221;default&#8221;][et_pb_button button_url=&#8221;https:\/\/lab.bmemballage.com\/contact\/#formulaire-de-contact&#8221; button_text=&#8221;NOUS CONTACTER&#8221; _builder_version=&#8221;4.6.5&#8243; _module_preset=&#8221;e70fe75c-e6cc-4ac8-a9c9-8b2701734146&#8243; button_text_color=&#8221;#ffffff&#8221; button_bg_color=&#8221;#224584&#8243; custom_padding_tablet=&#8221;&#8221; custom_padding_phone=&#8221;10px||10px||false|false&#8221; custom_padding_last_edited=&#8221;on|phone&#8221; button_text_size_tablet=&#8221;&#8221; button_text_size_phone=&#8221;18px&#8221; button_text_size_last_edited=&#8221;on|phone&#8221; locked=&#8221;off&#8221;][\/et_pb_button][\/et_pb_column][\/et_pb_row][\/et_pb_section]<\/p>\n","protected":false},"excerpt":{"rendered":"<p>OUR NEWS \u00c9v\u00e9nements, salons, nouveaut\u00e9s, informations, actualit\u00e9s de l&#8217;entreprise <div class=\"et_pb_module dica_divi_carousel dica_divi_carousel_0\">\n\t\t\t\t\n\t\t\t\t\n\t\t\t\t\n\t\t\t\t\n\t\t\t\t\n\t\t\t\t\n\t\t\t\t<div class=\"et_pb_module_inner\">\n\t\t\t\t\t<div class=\"dica-container  desktop_middle-inside tablet_middle-inside mobile_middle-inside\" data-props='{\"desktop\":\"4\",\"tablet\":\"3\",\"mobile\":\"1\",\"speed\":\"1500\",\"arrow\":\"off\",\"dots\":\"off\",\"autoplay\":\"on\",\"autoSpeed\":\"1000\",\"loop\":\"on\",\"item_spacing\":\"50\",\"center_mode\":\"on\",\"slider_effec\":\"1\",\"cover_rotate\":\"50\",\"pause_onhover\":\"off\",\"multislide\":\"off\",\"cfshadow\":\"on\",\"order\":\"0\",\"lazyload\":\"off\",\"lazybefore\":\"off\",\"scroller_effect\":\"off\",\"autowidth\":\"on\",\"item_spacing_tablet\":\"50\",\"item_spacing_phone\":\"50\",\"scroller_speed\":\"4000\",\"hashNavigation\":\"off\"}'>\r\n\t\t\t\t\t\t\t \t<div class=\"swiper-container\">\r\n\t\t\t\t\t\t\t\t\t<div class=\"swiper-wrapper\"><\/div>\t\r\n\t\t\t\t\t\t\t\t<\/div>\t\r\n\t\t\t\t\t\t\t\t\r\n\t\t\t\t\t\t\t\t\t\t\t\t\t\t\r\n\t\t\t\t\t\t\t<\/div>\n\t\t\t\t<\/div>\n\t\t\t<\/div><div class=\"et_pb_module dica_divi_carouselitem dica_divi_carouselitem_0\">\n\t\t\t\t\n\t\t\t\t\n\t\t\t\t\n\t\t\t\t\n\t\t\t\t\n\t\t\t\t\n\t\t\t\t<div class=\"et_pb_module_inner\">\n\t\t\t\t\t<div class=\"dica-item image_top\"   data-hash=\"dica_divi_carouselitem_0\">\r\n\t\t\t\t\t\t\t\t\t<div class=\"dica-image-container\"><a class=\"image\" href=\"https:\/\/lab.bmemballage.com\/en\/pruning-machine-bm6\/\"><img decoding=\"async\" src=\"https:\/\/lab.bmemballage.com\/en\/wp-content\/uploads\/sites\/6\/2020\/08\/BM-EMBALLAGE-BM6-MACHINE-A-DEVRILLER-LA-VIGNE-MERE.png\" alt=\"\" class=\"dica-item-image\" \/><\/a><\/div>\r\n\t\t\t\t\t\t\t\t\t<div class=\"dica-item-content\"><h4 class=\"item-title\"><a href=\"https:\/\/lab.bmemballage.com\/en\/pruning-machine-bm6\/\">BM6<\/a><\/h4>   <div class=\"content\">PRUNING MACHINE<\/div>     <\/div>\r\n\t\t\t\t\t\t\t<\/div>\n\t\t\t\t<\/div>\n\t\t\t<\/div><div class=\"et_pb_module dica_divi_carouselitem dica_divi_carouselitem_1\">\n\t\t\t\t\n\t\t\t\t\n\t\t\t\t\n\t\t\t\t\n\t\t\t\t\n\t\t\t\t\n\t\t\t\t<div class=\"et_pb_module_inner\">\n\t\t\t\t\t<div class=\"dica-item image_top\"   data-hash=\"dica_divi_carouselitem_1\">\r\n\t\t\t\t\t\t\t\t\t<div class=\"dica-image-container\"><a class=\"image\" href=\"https:\/\/lab.bmemballage.com\/en\/disbudding-machine-bm8\/\"><img decoding=\"async\" src=\"https:\/\/lab.bmemballage.com\/en\/wp-content\/uploads\/sites\/6\/2020\/08\/BM-EMBALLAGE-BM8-MACHINE-A-EBOURGEONNER-ET-DEBOUTURER-LA-VIGNE-MERE.png\" alt=\"\" class=\"dica-item-image\" \/><\/a><\/div>\r\n\t\t\t\t\t\t\t\t\t<div class=\"dica-item-content\"><h4 class=\"item-title\"><a href=\"https:\/\/lab.bmemballage.com\/en\/disbudding-machine-bm8\/\">BM8<\/a><\/h4>   <div class=\"content\">DISBUDDING MACHINE<\/div>     <\/div>\r\n\t\t\t\t\t\t\t<\/div>\n\t\t\t\t<\/div>\n\t\t\t<\/div><div class=\"et_pb_module dica_divi_carouselitem dica_divi_carouselitem_2\">\n\t\t\t\t\n\t\t\t\t\n\t\t\t\t\n\t\t\t\t\n\t\t\t\t\n\t\t\t\t\n\t\t\t\t<div class=\"et_pb_module_inner\">\n\t\t\t\t\t<div class=\"dica-item image_top\"   data-hash=\"dica_divi_carouselitem_2\">\r\n\t\t\t\t\t\t\t\t\t<div class=\"dica-image-container\"><a class=\"image\" href=\"https:\/\/lab.bmemballage.com\/en\/machine-haute-cadence-pour-la-coupe-des-porte-greffes-bm116\/\"><img decoding=\"async\" src=\"https:\/\/lab.bmemballage.com\/en\/wp-content\/uploads\/sites\/6\/2020\/08\/BM-EMBALLAGE-MACHINE-POUR-LA-COUPE-DES-PORTE-GREFFES.png\" alt=\"\" class=\"dica-item-image\" \/><\/a><\/div>\r\n\t\t\t\t\t\t\t\t\t<div class=\"dica-item-content\"><h4 class=\"item-title\"><a href=\"https:\/\/lab.bmemballage.com\/en\/machine-haute-cadence-pour-la-coupe-des-porte-greffes-bm116\/\">BM116<\/a><\/h4>   <div class=\"content\">CUTTING ROOTSTOCK MACHINE<\/div>     <\/div>\r\n\t\t\t\t\t\t\t<\/div>\n\t\t\t\t<\/div>\n\t\t\t<\/div><div class=\"et_pb_module dica_divi_carouselitem dica_divi_carouselitem_3\">\n\t\t\t\t\n\t\t\t\t\n\t\t\t\t\n\t\t\t\t\n\t\t\t\t\n\t\t\t\t\n\t\t\t\t<div class=\"et_pb_module_inner\">\n\t\t\t\t\t<div class=\"dica-item image_top\"   data-hash=\"dica_divi_carouselitem_3\">\r\n\t\t\t\t\t\t\t\t\t<div class=\"dica-image-container\"><a class=\"image\"><img decoding=\"async\" src=\"&#8221;https:\/\/lab.bmemballage.com\/en\/wp-content\/uploads\/sites\/6\/2020\/08\/BM-EMBALLAGE-MACHINE-POUR-LA-COUPE-DES-GREFFONS.png&#8221;\" alt=\"\" class=\"dica-item-image\" \/><\/a><\/div>\r\n\t\t\t\t\t\t\t\t\t<div class=\"dica-item-content\"><h4 class=\"item-title\">&#8221;BM76G&#8221;<\/h4>        <\/div>\r\n\t\t\t\t\t\t\t<\/div>\n\t\t\t\t<\/div>\n\t\t\t<\/div><\/p>\n","protected":false},"author":1,"featured_media":0,"parent":0,"menu_order":0,"comment_status":"closed","ping_status":"closed","template":"","meta":{"_et_pb_use_builder":"on","_et_pb_old_content":"","_et_gb_content_width":"","inline_featured_image":false,"footnotes":""},"acf":[],"yoast_head":"<!-- This site is optimized with the Yoast SEO Premium plugin v15.0 - https:\/\/yoast.com\/wordpress\/plugins\/seo\/ -->\n<title>OUR NEWS | BM EMBALLAGE EN<\/title>\n<meta name=\"robots\" content=\"index, follow, max-snippet:-1, max-image-preview:large, max-video-preview:-1\" \/>\n<link rel=\"canonical\" href=\"https:\/\/lab.bmemballage.com\/en\/our-news\/\" \/>\n<meta property=\"og:locale\" content=\"en_US\" \/>\n<meta property=\"og:type\" content=\"article\" \/>\n<meta property=\"og:title\" content=\"OUR NEWS | BM EMBALLAGE EN\" \/>\n<meta property=\"og:description\" content=\"OUR NEWS \u00c9v\u00e9nements, salons, nouveaut\u00e9s, informations, actualit\u00e9s de l&#039;entreprise\" \/>\n<meta property=\"og:site_name\" content=\"BM EMBALLAGE EN\" \/>\n<meta property=\"article:modified_time\" content=\"2021-06-10T13:01:24+00:00\" \/>\n<meta name=\"twitter:card\" content=\"summary_large_image\" \/>\n<script type=\"application\/ld+json\" class=\"yoast-schema-graph\">{\"@context\":\"https:\/\/schema.org\",\"@graph\":[{\"@type\":\"Organization\",\"@id\":\"https:\/\/lab.bmemballage.com\/en\/#organization\",\"name\":\"BM EMBALLAGE\",\"url\":\"https:\/\/lab.bmemballage.com\/en\/\",\"sameAs\":[],\"logo\":{\"@type\":\"ImageObject\",\"@id\":\"https:\/\/lab.bmemballage.com\/en\/#logo\",\"inLanguage\":\"en-US\",\"url\":\"https:\/\/lab.bmemballage.com\/en\/wp-content\/uploads\/sites\/6\/2020\/07\/BM-EMBALLAGE-GAMME-PEPINIERISTE-LOGO.png\",\"width\":954,\"height\":388,\"caption\":\"BM EMBALLAGE\"},\"image\":{\"@id\":\"https:\/\/lab.bmemballage.com\/en\/#logo\"}},{\"@type\":\"WebSite\",\"@id\":\"https:\/\/lab.bmemballage.com\/en\/#website\",\"url\":\"https:\/\/lab.bmemballage.com\/en\/\",\"name\":\"BM EMBALLAGE EN\",\"description\":\"GAMME DE MACHINE POUR P\\u00c9PINIERISTES VITICOLES\",\"publisher\":{\"@id\":\"https:\/\/lab.bmemballage.com\/en\/#organization\"},\"potentialAction\":[{\"@type\":\"SearchAction\",\"target\":\"https:\/\/lab.bmemballage.com\/en\/?s={search_term_string}\",\"query-input\":\"required name=search_term_string\"}],\"inLanguage\":\"en-US\"},{\"@type\":\"WebPage\",\"@id\":\"https:\/\/lab.bmemballage.com\/en\/our-news\/#webpage\",\"url\":\"https:\/\/lab.bmemballage.com\/en\/our-news\/\",\"name\":\"OUR NEWS | BM EMBALLAGE EN\",\"isPartOf\":{\"@id\":\"https:\/\/lab.bmemballage.com\/en\/#website\"},\"datePublished\":\"2021-06-10T12:36:00+00:00\",\"dateModified\":\"2021-06-10T13:01:24+00:00\",\"inLanguage\":\"en-US\",\"potentialAction\":[{\"@type\":\"ReadAction\",\"target\":[\"https:\/\/lab.bmemballage.com\/en\/our-news\/\"]}]}]}<\/script>\n<!-- \/ Yoast SEO Premium plugin. -->","_links":{"self":[{"href":"https:\/\/lab.bmemballage.com\/en\/wp-json\/wp\/v2\/pages\/224244"}],"collection":[{"href":"https:\/\/lab.bmemballage.com\/en\/wp-json\/wp\/v2\/pages"}],"about":[{"href":"https:\/\/lab.bmemballage.com\/en\/wp-json\/wp\/v2\/types\/page"}],"author":[{"embeddable":true,"href":"https:\/\/lab.bmemballage.com\/en\/wp-json\/wp\/v2\/users\/1"}],"replies":[{"embeddable":true,"href":"https:\/\/lab.bmemballage.com\/en\/wp-json\/wp\/v2\/comments?post=224244"}],"version-history":[{"count":0,"href":"https:\/\/lab.bmemballage.com\/en\/wp-json\/wp\/v2\/pages\/224244\/revisions"}],"wp:attachment":[{"href":"https:\/\/lab.bmemballage.com\/en\/wp-json\/wp\/v2\/media?parent=224244"}],"curies":[{"name":"wp","href":"https:\/\/api.w.org\/{rel}","templated":true}]}}