{"id":23,"date":"2020-06-15T16:16:52","date_gmt":"2020-06-15T14:16:52","guid":{"rendered":"https:\/\/bmemballage.com\/en\/?page_id=23"},"modified":"2021-05-19T11:40:18","modified_gmt":"2021-05-19T09:40:18","slug":"our-company","status":"publish","type":"page","link":"https:\/\/lab.bmemballage.com\/en\/our-company\/","title":{"rendered":"ABOUT US"},"content":{"rendered":"<p>[et_pb_section fb_built=&#8221;1&#8243; admin_label=&#8221;Section&#8221; _builder_version=&#8221;4.5.6&#8243; _module_preset=&#8221;default&#8221; background_image=&#8221;https:\/\/lab.bmemballage.com\/en\/wp-content\/uploads\/sites\/6\/2020\/07\/vineyard-102072_1920.jpg&#8221; custom_padding=&#8221;0px||0px|||&#8221; da_disable_devices=&#8221;off|off|off&#8221; da_is_popup=&#8221;off&#8221; da_exit_intent=&#8221;off&#8221; da_has_close=&#8221;on&#8221; da_alt_close=&#8221;off&#8221; da_dark_close=&#8221;off&#8221; da_not_modal=&#8221;on&#8221; da_is_singular=&#8221;off&#8221; da_with_loader=&#8221;off&#8221; da_has_shadow=&#8221;on&#8221;][et_pb_row use_custom_gutter=&#8221;on&#8221; gutter_width=&#8221;1&#8243; module_id=&#8221;nosvaleurs&#8221; _builder_version=&#8221;4.5.6&#8243; _module_preset=&#8221;default&#8221; background_color=&#8221;rgba(0,0,0,0.44)&#8221; width=&#8221;100%&#8221; max_width=&#8221;1920px&#8221; custom_padding=&#8221;214px||214px||true|&#8221;][et_pb_column type=&#8221;4_4&#8243; _builder_version=&#8221;4.5.6&#8243; _module_preset=&#8221;default&#8221;][et_pb_text admin_label=&#8221;TITRE&#8221; _builder_version=&#8221;4.6.5&#8243; _module_preset=&#8221;1c3ed268-e51d-4770-a6b8-cd881930577b&#8221; text_text_color=&#8221;#ffffff&#8221; text_font_size=&#8221;43px&#8221; header_text_color=&#8221;#f4d010&#8243; text_orientation=&#8221;center&#8221; width_tablet=&#8221;&#8221; width_phone=&#8221;100%&#8221; width_last_edited=&#8221;on|phone&#8221; header_font_size_tablet=&#8221;&#8221; header_font_size_phone=&#8221;28px&#8221; header_font_size_last_edited=&#8221;on|phone&#8221;]<\/p>\n<h1>PRAGMATISM, REACTIVITY &amp; INNOVATION<\/h1>\n<p>[\/et_pb_text][\/et_pb_column][\/et_pb_row][\/et_pb_section][et_pb_section fb_built=&#8221;1&#8243; custom_padding_last_edited=&#8221;on|phone&#8221; module_id=&#8221;notre-mission&#8221; _builder_version=&#8221;4.6.5&#8243; custom_padding=&#8221;64px||59px|||&#8221; custom_padding_tablet=&#8221;&#8221; custom_padding_phone=&#8221;40px||40px||false|false&#8221; da_disable_devices=&#8221;off|off|off&#8221; da_is_popup=&#8221;off&#8221; da_exit_intent=&#8221;off&#8221; da_has_close=&#8221;on&#8221; da_alt_close=&#8221;off&#8221; da_dark_close=&#8221;off&#8221; da_not_modal=&#8221;on&#8221; da_is_singular=&#8221;off&#8221; da_with_loader=&#8221;off&#8221; da_has_shadow=&#8221;on&#8221;][et_pb_row column_structure=&#8221;1_2,1_2&#8243; _builder_version=&#8221;4.5.6&#8243; _module_preset=&#8221;default&#8221; locked=&#8221;off&#8221;][et_pb_column type=&#8221;1_2&#8243; _builder_version=&#8221;4.5.6&#8243; _module_preset=&#8221;default&#8221;][et_pb_text _builder_version=&#8221;4.6.5&#8243; _module_preset=&#8221;1c3ed268-e51d-4770-a6b8-cd881930577b&#8221; custom_margin=&#8221;||||false|false&#8221; custom_padding=&#8221;||22px||false|false&#8221; header_text_align_tablet=&#8221;&#8221; header_text_align_phone=&#8221;center&#8221; header_text_align_last_edited=&#8221;on|phone&#8221; header_2_text_align_tablet=&#8221;&#8221; header_2_text_align_phone=&#8221;left&#8221; header_2_text_align_last_edited=&#8221;on|phone&#8221; header_2_font_size_tablet=&#8221;&#8221; header_2_font_size_phone=&#8221;22px&#8221; header_2_font_size_last_edited=&#8221;on|phone&#8221;]<\/p>\n<h2>OUR MISSION<\/h2>\n<p>[\/et_pb_text][et_pb_text _builder_version=&#8221;4.9.1&#8243; _module_preset=&#8221;0ef1cc5d-a363-4409-962d-4308924b8a7f&#8221; text_font=&#8221;Open Sans||||||||&#8221; text_font_size=&#8221;18px&#8221; min_height=&#8221;41px&#8221; custom_margin=&#8221;-33px|||||&#8221; text_font_size_tablet=&#8221;&#8221; text_font_size_phone=&#8221;&#8221; text_font_size_last_edited=&#8221;on|phone&#8221;]<\/p>\n<blockquote>\n<p><strong>Help our customers becoming more competitive, more responsive, improving their abilities to flex in the market and face crises.<\/strong><\/p>\n<\/blockquote>\n<p>[\/et_pb_text][et_pb_text _builder_version=&#8221;4.6.5&#8243; _module_preset=&#8221;1c3ed268-e51d-4770-a6b8-cd881930577b&#8221; custom_margin=&#8221;||-13px|||&#8221; custom_margin_tablet=&#8221;&#8221; custom_margin_phone=&#8221;||0px||false|false&#8221; custom_margin_last_edited=&#8221;on|phone&#8221; custom_padding=&#8221;||33px|||&#8221; text_font_size_tablet=&#8221;&#8221; text_font_size_phone=&#8221;14px&#8221; text_font_size_last_edited=&#8221;on|phone&#8221; header_text_align_tablet=&#8221;&#8221; header_text_align_phone=&#8221;center&#8221; header_text_align_last_edited=&#8221;on|phone&#8221; header_2_text_align_tablet=&#8221;&#8221; header_2_text_align_phone=&#8221;left&#8221; header_2_text_align_last_edited=&#8221;on|phone&#8221; header_2_font_size_tablet=&#8221;&#8221; header_2_font_size_phone=&#8221;22px&#8221; header_2_font_size_last_edited=&#8221;on|phone&#8221;]<\/p>\n<p>In an increasingly competitive and complex context, we believe that the challenges of being a grapevine nursery require that production models evolve to become more competitive. Ever since its creation, <strong>BM <em>emballage<\/em><\/strong> has deployed its expertise, competences and knowledge to best serve this objective.<\/p>\n<p>[\/et_pb_text][et_pb_text _builder_version=&#8221;4.9.1&#8243; _module_preset=&#8221;0ef1cc5d-a363-4409-962d-4308924b8a7f&#8221; custom_margin=&#8221;16px||||false|false&#8221; text_font_size_tablet=&#8221;&#8221; text_font_size_phone=&#8221;18px&#8221; text_font_size_last_edited=&#8221;on|phone&#8221;]<\/p>\n<blockquote>\n<p><strong>Machines are based on a strong spirit of innovation, performance and quality high standards as well as an active listening to our grapevine nurseries customers&#8217; expectations.<\/strong><\/p>\n<\/blockquote>\n<p>[\/et_pb_text][et_pb_text _builder_version=&#8221;4.9.1&#8243; _module_preset=&#8221;1c3ed268-e51d-4770-a6b8-cd881930577b&#8221; custom_margin=&#8221;16px|||||&#8221; text_font_size_tablet=&#8221;&#8221; text_font_size_phone=&#8221;14px&#8221; text_font_size_last_edited=&#8221;on|phone&#8221;]<\/p>\n<p><strong>Working directly with our customers is both our strength and our specificity.<\/strong> Being confronted as close as possible to their problems and having the best possible understanding, allowed us to design this range and continue to develop it.<\/p>\n<p><strong>With our customers, we have a common goal: produce better plants under better conditions.<\/strong><\/p>\n<p>[\/et_pb_text][\/et_pb_column][et_pb_column type=&#8221;1_2&#8243; _builder_version=&#8221;4.5.6&#8243; _module_preset=&#8221;default&#8221;][et_pb_gallery gallery_ids=&#8221;221044,221050,221048&#8243; fullwidth=&#8221;on&#8221; _builder_version=&#8221;4.6.5&#8243; _module_preset=&#8221;default&#8221; module_alignment=&#8221;center&#8221; custom_margin=&#8221;91px||||false|false&#8221; custom_margin_tablet=&#8221;&#8221; custom_margin_phone=&#8221;0px||||false|false&#8221; custom_margin_last_edited=&#8221;on|phone&#8221; auto=&#8221;on&#8221; auto_speed=&#8221;1700&#8243; border_radii=&#8221;off|150px||150px|&#8221; border_radii_tablet=&#8221;&#8221; border_radii_phone=&#8221;off|100px||100px|&#8221; border_radii_last_edited=&#8221;on|phone&#8221;][\/et_pb_gallery][\/et_pb_column][\/et_pb_row][et_pb_row column_structure=&#8221;1_2,1_2&#8243; module_class=&#8221;custom_row&#8221; _builder_version=&#8221;4.6.5&#8243; custom_padding=&#8221;0px|||||&#8221;][et_pb_column type=&#8221;1_2&#8243; module_class=&#8221;second-on-mobile&#8221; _builder_version=&#8221;4.6.5&#8243;][et_pb_gallery gallery_ids=&#8221;222739,222740&#8243; fullwidth=&#8221;on&#8221; _builder_version=&#8221;4.6.5&#8243; _module_preset=&#8221;default&#8221; module_alignment=&#8221;center&#8221; custom_margin=&#8221;49px||||false|false&#8221; custom_margin_tablet=&#8221;&#8221; custom_margin_phone=&#8221;0px||||false|false&#8221; custom_margin_last_edited=&#8221;on|phone&#8221; auto=&#8221;on&#8221; auto_speed=&#8221;1700&#8243; border_radii=&#8221;off|150px||150px|&#8221; border_radii_tablet=&#8221;&#8221; border_radii_phone=&#8221;off|100px||100px|&#8221; border_radii_last_edited=&#8221;on|phone&#8221;][\/et_pb_gallery][\/et_pb_column][et_pb_column type=&#8221;1_2&#8243; _builder_version=&#8221;4.6.5&#8243;][et_pb_text _builder_version=&#8221;4.9.1&#8243; _module_preset=&#8221;0ef1cc5d-a363-4409-962d-4308924b8a7f&#8221; custom_margin=&#8221;41px||||false|false&#8221;]<\/p>\n<blockquote>\n<p><strong>\u201d Always increase our machines accuracy and relevancy.\u201d<\/strong><\/p>\n<\/blockquote>\n<p>[\/et_pb_text][et_pb_text _builder_version=&#8221;4.9.4&#8243; _module_preset=&#8221;1c3ed268-e51d-4770-a6b8-cd881930577b&#8221; hover_enabled=&#8221;0&#8243; text_font_size_tablet=&#8221;&#8221; text_font_size_phone=&#8221;14px&#8221; text_font_size_last_edited=&#8221;on|phone&#8221; sticky_enabled=&#8221;0&#8243;]<\/p>\n<p><strong style=\"font-size: 16px\">A family-run company for over 38 years, BM<em> emballage<\/em><\/strong> is recognized worldwide as the leader in machine manufacturers dedicated to grapevine nurseries.<\/p>\n<p><strong style=\"font-size: 16px\">Supported by its industrial branch SFERE BM, <\/strong><span style=\"font-size: 16px\">our company benefits from significant human and economic resources that allow us to apply our knowledge in other areas (industry, oyster farming, etc.) and maintain quality partnerships with major players such as SCHNEIDER \u2013 a global specialist in electrical energy management and automation.<\/span><\/p>\n<p>These developments, partnerships and this open-mindedness, bring us <strong>additional skills and experiences<\/strong> that benefit the range dedicated to grapevine nurseries.<\/p>\n<p>[\/et_pb_text][\/et_pb_column][\/et_pb_row][\/et_pb_section][et_pb_section fb_built=&#8221;1&#8243; custom_padding_last_edited=&#8221;on|phone&#8221; _builder_version=&#8221;4.6.5&#8243; _module_preset=&#8221;default&#8221; background_color=&#8221;#f2f2f2&#8243; custom_padding=&#8221;38px||18px|||&#8221; custom_padding_tablet=&#8221;&#8221; custom_padding_phone=&#8221;50px||||false|false&#8221; top_divider_color=&#8221;#224584&#8243; top_divider_height=&#8221;52px&#8221; top_divider_flip=&#8221;vertical&#8221; bottom_divider_color=&#8221;#224584&#8243; da_disable_devices=&#8221;off|off|off&#8221; locked=&#8221;off&#8221; da_is_popup=&#8221;off&#8221; da_exit_intent=&#8221;off&#8221; da_has_close=&#8221;on&#8221; da_alt_close=&#8221;off&#8221; da_dark_close=&#8221;off&#8221; da_not_modal=&#8221;on&#8221; da_is_singular=&#8221;off&#8221; da_with_loader=&#8221;off&#8221; da_has_shadow=&#8221;on&#8221;][et_pb_row _builder_version=&#8221;4.5.6&#8243; _module_preset=&#8221;default&#8221;][et_pb_column type=&#8221;4_4&#8243; _builder_version=&#8221;4.5.6&#8243; _module_preset=&#8221;default&#8221;][et_pb_text _builder_version=&#8221;4.9.4&#8243; _module_preset=&#8221;3e83c471-5e65-4537-a855-d3569345055d&#8221; header_2_font=&#8221;Montserrat|700|||||||&#8221; header_2_text_align=&#8221;center&#8221; hover_enabled=&#8221;0&#8243; header_font_size_tablet=&#8221;&#8221; header_font_size_phone=&#8221;38px&#8221; header_font_size_last_edited=&#8221;on|phone&#8221; header_2_font_size_phone=&#8221;22px&#8221; sticky_enabled=&#8221;0&#8243;]<\/p>\n<h2><\/h2>\n<h2>BM <em>emballage, <\/em>GRAPEVINE NURSERIES PARTNER FOR MORE THAN 38 YEARS<\/h2>\n<p>[\/et_pb_text][\/et_pb_column][\/et_pb_row][\/et_pb_section][et_pb_section fb_built=&#8221;1&#8243; custom_padding_last_edited=&#8221;on|phone&#8221; _builder_version=&#8221;4.6.5&#8243; _module_preset=&#8221;default&#8221; custom_padding=&#8221;109px|||||&#8221; custom_padding_tablet=&#8221;&#8221; custom_padding_phone=&#8221;109px||40px||false|false&#8221; da_disable_devices=&#8221;off|off|off&#8221; global_module=&#8221;223510&#8243; saved_tabs=&#8221;all&#8221; locked=&#8221;off&#8221; da_is_popup=&#8221;off&#8221; da_exit_intent=&#8221;off&#8221; da_has_close=&#8221;on&#8221; da_alt_close=&#8221;off&#8221; da_dark_close=&#8221;off&#8221; da_not_modal=&#8221;on&#8221; da_is_singular=&#8221;off&#8221; da_with_loader=&#8221;off&#8221; da_has_shadow=&#8221;on&#8221;][et_pb_row _builder_version=&#8221;4.9.4&#8243; _module_preset=&#8221;default&#8221; custom_margin=&#8221;-57px|auto||auto||&#8221; hover_enabled=&#8221;0&#8243; sticky_enabled=&#8221;0&#8243;][et_pb_column type=&#8221;4_4&#8243; _builder_version=&#8221;4.5.6&#8243; _module_preset=&#8221;default&#8221;][dica_divi_carousel item_width=&#8221;175px&#8221; transition_duration=&#8221;1500&#8243; autoplay=&#8221;on&#8221; item_spacing=&#8221;50&#8243; _builder_version=&#8221;4.9.4&#8243; _module_preset=&#8221;23598ee3-8185-4a6c-9204-3bfb2b846f6f&#8221; hover_enabled=&#8221;0&#8243; sticky_enabled=&#8221;0&#8243;][dica_divi_carouselitem title=&#8221;BM6&#8243; url=&#8221;https:\/\/lab.bmemballage.com\/en\/pruning-machine-bm6\/&#8221; button_url_new_window=&#8221;1&#8243; image=&#8221;https:\/\/lab.bmemballage.com\/en\/wp-content\/uploads\/sites\/6\/2020\/08\/BM-EMBALLAGE-BM6-MACHINE-A-DEVRILLER-LA-VIGNE-MERE.png&#8221; _builder_version=&#8221;4.9.4&#8243; _module_preset=&#8221;default&#8221; body_font=&#8221;Open Sans|600|||||||&#8221; body_font_size=&#8221;12px&#8221; body_line_height=&#8221;1.4em&#8221; hover_enabled=&#8221;0&#8243; sticky_enabled=&#8221;0&#8243;]<\/p>\n<p>PRUNING MACHINE<\/p>\n<p>[\/dica_divi_carouselitem][dica_divi_carouselitem title=&#8221;BM8&#8243; url=&#8221;https:\/\/lab.bmemballage.com\/en\/disbudding-machine-bm8\/&#8221; button_url_new_window=&#8221;1&#8243; image=&#8221;https:\/\/lab.bmemballage.com\/en\/wp-content\/uploads\/sites\/6\/2020\/08\/BM-EMBALLAGE-BM8-MACHINE-A-EBOURGEONNER-ET-DEBOUTURER-LA-VIGNE-MERE.png&#8221; _builder_version=&#8221;4.6.5&#8243; _module_preset=&#8221;default&#8221; body_font=&#8221;Open Sans|600|||||||&#8221; body_font_size=&#8221;12px&#8221; body_line_height=&#8221;1.4em&#8221;]<\/p>\n<p>DISBUDDING MACHINE<\/p>\n<p>[\/dica_divi_carouselitem][dica_divi_carouselitem title=&#8221;BM116&#8243; url=&#8221;https:\/\/lab.bmemballage.com\/en\/machine-haute-cadence-pour-la-coupe-des-porte-greffes-bm116\/&#8221; button_url_new_window=&#8221;1&#8243; image=&#8221;https:\/\/lab.bmemballage.com\/en\/wp-content\/uploads\/sites\/6\/2020\/08\/BM-EMBALLAGE-MACHINE-POUR-LA-COUPE-DES-PORTE-GREFFES.png&#8221; _builder_version=&#8221;4.9.4&#8243; _module_preset=&#8221;default&#8221; body_font=&#8221;Open Sans|600|||||||&#8221; body_font_size=&#8221;12px&#8221; body_line_height=&#8221;1.4em&#8221; hover_enabled=&#8221;0&#8243; sticky_enabled=&#8221;0&#8243;]<\/p>\n<p>CUTTING ROOTSTOCK MACHINE<\/p>\n<p>[\/dica_divi_carouselitem][dica_divi_carouselitem title=&#8221;BM76G&#8221; url=&#8221;https:\/\/lab.bmemballage.com\/en\/pruning-machine-for-rootstock-bm116\/&#8221; button_url_new_window=&#8221;1&#8243; image=&#8221;https:\/\/lab.bmemballage.com\/en\/wp-content\/uploads\/sites\/6\/2020\/08\/BM-EMBALLAGE-MACHINE-POUR-LA-COUPE-DES-GREFFONS.png&#8221; _builder_version=&#8221;4.9.4&#8243; _module_preset=&#8221;default&#8221; body_font=&#8221;Open Sans|600|||||||&#8221; body_font_size=&#8221;12px&#8221; body_line_height=&#8221;1.4em&#8221; hover_enabled=&#8221;0&#8243; sticky_enabled=&#8221;0&#8243;]<\/p>\n<p>CUTTING AND DIAMETER SORTING SCION MACHINE<\/p>\n<p>[\/dica_divi_carouselitem][dica_divi_carouselitem title=&#8221;BM76S&#8221; url=&#8221;https:\/\/lab.bmemballage.com\/en\/cutting-scions-machine-speed-bm76s\/&#8221; button_url_new_window=&#8221;1&#8243; image=&#8221;https:\/\/lab.bmemballage.com\/en\/wp-content\/uploads\/sites\/6\/2020\/08\/BM76S_0003_BM76S-360.103.jpg&#8221; _builder_version=&#8221;4.9.4&#8243; _module_preset=&#8221;default&#8221; body_font=&#8221;Open Sans|600|||||||&#8221; body_font_size=&#8221;12px&#8221; body_line_height=&#8221;1.4em&#8221; hover_enabled=&#8221;0&#8243; sticky_enabled=&#8221;0&#8243;]<\/p>\n<p>CUTTING SCION MACHINE &#8211; SPEED<\/p>\n<p>[\/dica_divi_carouselitem][dica_divi_carouselitem title=&#8221;B18P&#8221; url=&#8221;https:\/\/lab.bmemballage.com\/en\/semi-automatic-strapping-machine-b18p\/&#8221; button_url_new_window=&#8221;1&#8243; image=&#8221;https:\/\/lab.bmemballage.com\/en\/wp-content\/uploads\/sites\/6\/2020\/08\/BM-EMBALLAGE-B18P-CERCLEUSE-SEMI-AUTOMATIQUE.png&#8221; _builder_version=&#8221;4.6.5&#8243; _module_preset=&#8221;default&#8221; body_font=&#8221;Open Sans|600|||||||&#8221; body_font_size=&#8221;12px&#8221; body_line_height=&#8221;1.4em&#8221;]<\/p>\n<p>SEMI-AUTOMATIC STRAPPING MACHINE<\/p>\n<p>[\/dica_divi_carouselitem][\/dica_divi_carousel][\/et_pb_column][\/et_pb_row][et_pb_row _builder_version=&#8221;4.5.6&#8243; _module_preset=&#8221;default&#8221;][et_pb_column type=&#8221;4_4&#8243; _builder_version=&#8221;4.5.6&#8243; _module_preset=&#8221;default&#8221;][et_pb_button button_url=&#8221;https:\/\/lab.bmemballage.com\/en\/all-our-machines\/&#8221; button_text=&#8221;FIND OUT MORE&#8221; _builder_version=&#8221;4.6.5&#8243; _module_preset=&#8221;default&#8221; button_text_color=&#8221;#224584&#8243; button_border_color=&#8221;#224584&#8243; custom_padding_tablet=&#8221;&#8221; custom_padding_phone=&#8221;10px||10px||false|false&#8221; custom_padding_last_edited=&#8221;on|phone&#8221; button_text_size_tablet=&#8221;&#8221; button_text_size_phone=&#8221;18px&#8221; button_text_size_last_edited=&#8221;on|phone&#8221;][\/et_pb_button][\/et_pb_column][\/et_pb_row][\/et_pb_section][et_pb_section fb_built=&#8221;1&#8243; custom_padding_last_edited=&#8221;on|phone&#8221; _builder_version=&#8221;4.6.5&#8243; _module_preset=&#8221;default&#8221; background_color=&#8221;#f4f4f4&#8243; custom_padding=&#8221;0px||25px||false|false&#8221; custom_padding_tablet=&#8221;&#8221; custom_padding_phone=&#8221;0px||40px||false|false&#8221; da_disable_devices=&#8221;off|off|off&#8221; da_is_popup=&#8221;off&#8221; da_exit_intent=&#8221;off&#8221; da_has_close=&#8221;on&#8221; da_alt_close=&#8221;off&#8221; da_dark_close=&#8221;off&#8221; da_not_modal=&#8221;on&#8221; da_is_singular=&#8221;off&#8221; da_with_loader=&#8221;off&#8221; da_has_shadow=&#8221;on&#8221;][et_pb_row custom_padding_last_edited=&#8221;on|phone&#8221; _builder_version=&#8221;4.6.5&#8243; _module_preset=&#8221;default&#8221; custom_padding=&#8221;88px|||||&#8221; custom_padding_tablet=&#8221;&#8221; custom_padding_phone=&#8221;40px||20px||false|false&#8221;][et_pb_column type=&#8221;4_4&#8243; _builder_version=&#8221;4.5.6&#8243; _module_preset=&#8221;default&#8221;][et_pb_text _builder_version=&#8221;4.9.1&#8243; _module_preset=&#8221;9f353592-c401-4573-8e18-c215935ce6ec&#8221; text_font_size_tablet=&#8221;&#8221; text_font_size_phone=&#8221;18px&#8221; text_font_size_last_edited=&#8221;on|phone&#8221;]<\/p>\n<p>For any quotation, request or information, contact our advisors.<\/p>\n<p>[\/et_pb_text][\/et_pb_column][\/et_pb_row][et_pb_row _builder_version=&#8221;4.5.6&#8243; _module_preset=&#8221;default&#8221;][et_pb_column type=&#8221;4_4&#8243; _builder_version=&#8221;4.5.6&#8243; _module_preset=&#8221;default&#8221;][et_pb_button button_url=&#8221;https:\/\/lab.bmemballage.com\/en\/contact\/#contactform&#8221; button_text=&#8221;CONTACT US &#8221; _builder_version=&#8221;4.6.5&#8243; _module_preset=&#8221;e70fe75c-e6cc-4ac8-a9c9-8b2701734146&#8243; button_text_color=&#8221;#ffffff&#8221; button_bg_color=&#8221;#224584&#8243; custom_padding=&#8221;10px||10px||false|false&#8221; button_text_size_tablet=&#8221;&#8221; button_text_size_phone=&#8221;18px&#8221; button_text_size_last_edited=&#8221;on|phone&#8221;][\/et_pb_button][\/et_pb_column][\/et_pb_row][\/et_pb_section]<\/p>\n","protected":false},"excerpt":{"rendered":"<p>PRAGMATISM, REACTIVITY &amp; INNOVATION OUR MISSION Help our customers becoming more competitive, more responsive, improving their abilities to flex in the market and face crises. In an increasingly competitive and complex context, we believe that the challenges of being a grapevine nursery require that production models evolve to become more competitive. Ever since its creation, [&hellip;]<\/p>\n","protected":false},"author":1,"featured_media":0,"parent":0,"menu_order":0,"comment_status":"closed","ping_status":"closed","template":"","meta":{"_et_pb_use_builder":"on","_et_pb_old_content":"","_et_gb_content_width":"","inline_featured_image":false,"footnotes":""},"acf":[],"yoast_head":"<!-- This site is optimized with the Yoast SEO Premium plugin v15.0 - https:\/\/yoast.com\/wordpress\/plugins\/seo\/ -->\n<title>BM EMBALLAGE EN | Aider nos clients \u00e0 gagner en comp\u00e9titivit\u00e9<\/title>\n<meta name=\"description\" content=\"Depuis plus de 35 ans, BM emballage est reconnue mondialement comme leader des fabricants de machines pour les p\u00e9pini\u00e9ristes viticoles...\" \/>\n<meta name=\"robots\" content=\"index, follow, max-snippet:-1, max-image-preview:large, max-video-preview:-1\" \/>\n<link rel=\"canonical\" href=\"https:\/\/lab.bmemballage.com\/en\/our-company\/\" \/>\n<meta property=\"og:locale\" content=\"en_US\" \/>\n<meta property=\"og:type\" content=\"article\" \/>\n<meta property=\"og:title\" content=\"BM EMBALLAGE EN | Aider nos clients \u00e0 gagner en comp\u00e9titivit\u00e9\" \/>\n<meta property=\"og:description\" content=\"Depuis plus de 35 ans, BM emballage est reconnue mondialement comme leader des fabricants de machines pour les p\u00e9pini\u00e9ristes viticoles...\" \/>\n<meta property=\"og:site_name\" content=\"BM EMBALLAGE EN\" \/>\n<meta property=\"article:modified_time\" content=\"2021-05-19T09:40:18+00:00\" \/>\n<meta name=\"twitter:card\" content=\"summary_large_image\" \/>\n<script type=\"application\/ld+json\" class=\"yoast-schema-graph\">{\"@context\":\"https:\/\/schema.org\",\"@graph\":[{\"@type\":\"Organization\",\"@id\":\"https:\/\/lab.bmemballage.com\/en\/#organization\",\"name\":\"BM EMBALLAGE\",\"url\":\"https:\/\/lab.bmemballage.com\/en\/\",\"sameAs\":[],\"logo\":{\"@type\":\"ImageObject\",\"@id\":\"https:\/\/lab.bmemballage.com\/en\/#logo\",\"inLanguage\":\"en-US\",\"url\":\"https:\/\/lab.bmemballage.com\/en\/wp-content\/uploads\/sites\/6\/2020\/07\/BM-EMBALLAGE-GAMME-PEPINIERISTE-LOGO.png\",\"width\":954,\"height\":388,\"caption\":\"BM EMBALLAGE\"},\"image\":{\"@id\":\"https:\/\/lab.bmemballage.com\/en\/#logo\"}},{\"@type\":\"WebSite\",\"@id\":\"https:\/\/lab.bmemballage.com\/en\/#website\",\"url\":\"https:\/\/lab.bmemballage.com\/en\/\",\"name\":\"BM EMBALLAGE EN\",\"description\":\"GAMME DE MACHINE POUR P\\u00c9PINIERISTES VITICOLES\",\"publisher\":{\"@id\":\"https:\/\/lab.bmemballage.com\/en\/#organization\"},\"potentialAction\":[{\"@type\":\"SearchAction\",\"target\":\"https:\/\/lab.bmemballage.com\/en\/?s={search_term_string}\",\"query-input\":\"required name=search_term_string\"}],\"inLanguage\":\"en-US\"},{\"@type\":\"WebPage\",\"@id\":\"https:\/\/lab.bmemballage.com\/en\/our-company\/#webpage\",\"url\":\"https:\/\/lab.bmemballage.com\/en\/our-company\/\",\"name\":\"BM EMBALLAGE EN | Aider nos clients \\u00e0 gagner en comp\\u00e9titivit\\u00e9\",\"isPartOf\":{\"@id\":\"https:\/\/lab.bmemballage.com\/en\/#website\"},\"datePublished\":\"2020-06-15T14:16:52+00:00\",\"dateModified\":\"2021-05-19T09:40:18+00:00\",\"description\":\"Depuis plus de 35 ans, BM emballage est reconnue mondialement comme leader des fabricants de machines pour les p\\u00e9pini\\u00e9ristes viticoles...\",\"inLanguage\":\"en-US\",\"potentialAction\":[{\"@type\":\"ReadAction\",\"target\":[\"https:\/\/lab.bmemballage.com\/en\/our-company\/\"]}]}]}<\/script>\n<!-- \/ Yoast SEO Premium plugin. -->","_links":{"self":[{"href":"https:\/\/lab.bmemballage.com\/en\/wp-json\/wp\/v2\/pages\/23"}],"collection":[{"href":"https:\/\/lab.bmemballage.com\/en\/wp-json\/wp\/v2\/pages"}],"about":[{"href":"https:\/\/lab.bmemballage.com\/en\/wp-json\/wp\/v2\/types\/page"}],"author":[{"embeddable":true,"href":"https:\/\/lab.bmemballage.com\/en\/wp-json\/wp\/v2\/users\/1"}],"replies":[{"embeddable":true,"href":"https:\/\/lab.bmemballage.com\/en\/wp-json\/wp\/v2\/comments?post=23"}],"version-history":[{"count":0,"href":"https:\/\/lab.bmemballage.com\/en\/wp-json\/wp\/v2\/pages\/23\/revisions"}],"wp:attachment":[{"href":"https:\/\/lab.bmemballage.com\/en\/wp-json\/wp\/v2\/media?parent=23"}],"curies":[{"name":"wp","href":"https:\/\/api.w.org\/{rel}","templated":true}]}}