{"id":23,"date":"2020-06-15T16:16:52","date_gmt":"2020-06-15T14:16:52","guid":{"rendered":"https:\/\/bmemballage.com\/esp\/?page_id=23"},"modified":"2021-05-12T21:39:39","modified_gmt":"2021-05-12T19:39:39","slug":"nuestra-empresa","status":"publish","type":"page","link":"https:\/\/lab.bmemballage.com\/es\/nuestra-empresa\/","title":{"rendered":"NUESTRA EMPRESA"},"content":{"rendered":"<p>[et_pb_section fb_built=\u00bb1&#8243; admin_label=\u00bbSection\u00bb _builder_version=\u00bb4.5.6&#8243; _module_preset=\u00bbdefault\u00bb background_image=\u00bbhttps:\/\/lab.bmemballage.com\/esp\/wp-content\/uploads\/sites\/7\/2020\/07\/vineyard-102072_1920.jpg\u00bb custom_padding=\u00bb0px||0px|||\u00bb da_disable_devices=\u00bboff|off|off\u00bb da_is_popup=\u00bboff\u00bb da_exit_intent=\u00bboff\u00bb da_has_close=\u00bbon\u00bb da_alt_close=\u00bboff\u00bb da_dark_close=\u00bboff\u00bb da_not_modal=\u00bbon\u00bb da_is_singular=\u00bboff\u00bb da_with_loader=\u00bboff\u00bb da_has_shadow=\u00bbon\u00bb][et_pb_row use_custom_gutter=\u00bbon\u00bb gutter_width=\u00bb1&#8243; module_id=\u00bbnosvaleurs\u00bb _builder_version=\u00bb4.5.6&#8243; _module_preset=\u00bbdefault\u00bb background_color=\u00bbrgba(0,0,0,0.44)\u00bb width=\u00bb100%\u00bb max_width=\u00bb1920px\u00bb custom_padding=\u00bb214px||214px||true|\u00bb][et_pb_column type=\u00bb4_4&#8243; _builder_version=\u00bb4.5.6&#8243; _module_preset=\u00bbdefault\u00bb][et_pb_text admin_label=\u00bbTITRE\u00bb _builder_version=\u00bb4.6.5&#8243; _module_preset=\u00bb1c3ed268-e51d-4770-a6b8-cd881930577b\u00bb text_text_color=\u00bb#ffffff\u00bb text_font_size=\u00bb43px\u00bb header_text_color=\u00bb#f4d010&#8243; text_orientation=\u00bbcenter\u00bb width_tablet=\u00bb\u00bb width_phone=\u00bb100%\u00bb width_last_edited=\u00bbon|phone\u00bb header_font_size_tablet=\u00bb\u00bb header_font_size_phone=\u00bb28px\u00bb header_font_size_last_edited=\u00bbon|phone\u00bb]<\/p>\n<h1>PRAGMATISMO, REACTIVIDAD &amp; INNOVACI\u00d3N<\/h1>\n<p>[\/et_pb_text][\/et_pb_column][\/et_pb_row][\/et_pb_section][et_pb_section fb_built=\u00bb1&#8243; custom_padding_last_edited=\u00bbon|phone\u00bb module_id=\u00bbnuestra-mision\u00bb _builder_version=\u00bb4.6.5&#8243; custom_padding=\u00bb64px||59px|||\u00bb custom_padding_tablet=\u00bb\u00bb custom_padding_phone=\u00bb40px||40px||false|false\u00bb da_popup_slug=\u00bbnuestra-mision\u00bb da_disable_devices=\u00bboff|off|off\u00bb da_is_popup=\u00bboff\u00bb da_exit_intent=\u00bboff\u00bb da_has_close=\u00bbon\u00bb da_alt_close=\u00bboff\u00bb da_dark_close=\u00bboff\u00bb da_not_modal=\u00bbon\u00bb da_is_singular=\u00bboff\u00bb da_with_loader=\u00bboff\u00bb da_has_shadow=\u00bbon\u00bb][et_pb_row column_structure=\u00bb1_2,1_2&#8243; _builder_version=\u00bb4.5.6&#8243; _module_preset=\u00bbdefault\u00bb locked=\u00bboff\u00bb][et_pb_column type=\u00bb1_2&#8243; _builder_version=\u00bb4.5.6&#8243; _module_preset=\u00bbdefault\u00bb][et_pb_text _builder_version=\u00bb4.6.5&#8243; _module_preset=\u00bb1c3ed268-e51d-4770-a6b8-cd881930577b\u00bb custom_margin=\u00bb||||false|false\u00bb custom_padding=\u00bb||22px||false|false\u00bb header_text_align_tablet=\u00bb\u00bb header_text_align_phone=\u00bbcenter\u00bb header_text_align_last_edited=\u00bbon|phone\u00bb header_2_text_align_tablet=\u00bb\u00bb header_2_text_align_phone=\u00bbleft\u00bb header_2_text_align_last_edited=\u00bbon|phone\u00bb header_2_font_size_tablet=\u00bb\u00bb header_2_font_size_phone=\u00bb22px\u00bb header_2_font_size_last_edited=\u00bbon|phone\u00bb]<\/p>\n<h2>NUESTRA MISI\u00d3N<\/h2>\n<p>[\/et_pb_text][et_pb_text _builder_version=\u00bb4.6.5&#8243; _module_preset=\u00bb0ef1cc5d-a363-4409-962d-4308924b8a7f\u00bb text_font=\u00bbOpen Sans||||||||\u00bb text_font_size=\u00bb18px\u00bb min_height=\u00bb41px\u00bb custom_margin=\u00bb-33px|||||\u00bb text_font_size_tablet=\u00bb\u00bb text_font_size_phone=\u00bb\u00bb text_font_size_last_edited=\u00bbon|phone\u00bb]<\/p>\n<blockquote>\n<p><strong>Ayudar a nuestros clientes a ser m\u00e1s competitivos, m\u00e1s reactivos, m\u00e1s flexibles en el mercado y m\u00e1s estables ante las crisis.<\/strong><\/p>\n<\/blockquote>\n<p>[\/et_pb_text][et_pb_text _builder_version=\u00bb4.6.5&#8243; _module_preset=\u00bb1c3ed268-e51d-4770-a6b8-cd881930577b\u00bb custom_margin=\u00bb||-13px|||\u00bb custom_margin_tablet=\u00bb\u00bb custom_margin_phone=\u00bb||0px||false|false\u00bb custom_margin_last_edited=\u00bbon|phone\u00bb custom_padding=\u00bb||33px|||\u00bb text_font_size_tablet=\u00bb\u00bb text_font_size_phone=\u00bb14px\u00bb text_font_size_last_edited=\u00bbon|phone\u00bb header_text_align_tablet=\u00bb\u00bb header_text_align_phone=\u00bbcenter\u00bb header_text_align_last_edited=\u00bbon|phone\u00bb header_2_text_align_tablet=\u00bb\u00bb header_2_text_align_phone=\u00bbleft\u00bb header_2_text_align_last_edited=\u00bbon|phone\u00bb header_2_font_size_tablet=\u00bb\u00bb header_2_font_size_phone=\u00bb22px\u00bb header_2_font_size_last_edited=\u00bbon|phone\u00bb]<\/p>\n<p>En un contexto cada vez m\u00e1s competitivo y complejo, los desaf\u00edos del oficio de viverista vit\u00edcola exigen hacer evolucionar los modelos de producci\u00f3n para ganar competitividad. Desde sus inicios,\u00a0<strong>BM <em>emballage<\/em><\/strong> ha desplegado su experiencia, competencia y conocimientos t\u00e9cnicos para servir mejor a este objetivo.<\/p>\n<p>[\/et_pb_text][et_pb_text _builder_version=\u00bb4.6.5&#8243; _module_preset=\u00bb0ef1cc5d-a363-4409-962d-4308924b8a7f\u00bb custom_margin=\u00bb16px||||false|false\u00bb text_font_size_tablet=\u00bb\u00bb text_font_size_phone=\u00bb18px\u00bb text_font_size_last_edited=\u00bbon|phone\u00bb]<\/p>\n<blockquote>\n<p><strong>M\u00e1quinas basadas en un fuerte esp\u00edritu de innovaci\u00f3n, altos est\u00e1ndares de rendimiento y calidad, as\u00ed como una escucha asidua de las expectativas de nuestros clientes viveristas vin\u00edcolas.<\/strong><\/p>\n<\/blockquote>\n<p>[\/et_pb_text][et_pb_text _builder_version=\u00bb4.6.5&#8243; _module_preset=\u00bb1c3ed268-e51d-4770-a6b8-cd881930577b\u00bb custom_margin=\u00bb16px|||||\u00bb text_font_size_tablet=\u00bb\u00bb text_font_size_phone=\u00bb14px\u00bb text_font_size_last_edited=\u00bbon|phone\u00bb]<\/p>\n<p><strong>Trabajar en vivo con nuestros clientes es a la vez nuestra fuerza y nuestra particularidad.<\/strong> Enfrentarnos lo m\u00e1s cerca posible a sus problem\u00e1ticas y tener la mejor comprensi\u00f3n posible, nos ha permitido concebir esta gama y seguir desarroll\u00e1ndola.<\/p>\n<p>Con nuestros clientes tenemos un objetivo com\u00fan: producir mejores plantas en mejores condiciones.<\/p>\n<p>[\/et_pb_text][\/et_pb_column][et_pb_column type=\u00bb1_2&#8243; _builder_version=\u00bb4.5.6&#8243; _module_preset=\u00bbdefault\u00bb][et_pb_gallery gallery_ids=\u00bb221044,221050,221048&#8243; fullwidth=\u00bbon\u00bb _builder_version=\u00bb4.6.5&#8243; _module_preset=\u00bbdefault\u00bb module_alignment=\u00bbcenter\u00bb custom_margin=\u00bb91px||||false|false\u00bb custom_margin_tablet=\u00bb\u00bb custom_margin_phone=\u00bb0px||||false|false\u00bb custom_margin_last_edited=\u00bbon|phone\u00bb auto=\u00bbon\u00bb auto_speed=\u00bb1700&#8243; border_radii=\u00bboff|150px||150px|\u00bb border_radii_tablet=\u00bb\u00bb border_radii_phone=\u00bboff|100px||100px|\u00bb border_radii_last_edited=\u00bbon|phone\u00bb][\/et_pb_gallery][\/et_pb_column][\/et_pb_row][et_pb_row column_structure=\u00bb1_2,1_2&#8243; module_class=\u00bbcustom_row\u00bb _builder_version=\u00bb4.6.5&#8243; custom_padding=\u00bb0px|||||\u00bb][et_pb_column type=\u00bb1_2&#8243; module_class=\u00bbsecond-on-mobile\u00bb _builder_version=\u00bb4.6.5&#8243;][et_pb_gallery gallery_ids=\u00bb222739,222740&#8243; fullwidth=\u00bbon\u00bb _builder_version=\u00bb4.6.5&#8243; _module_preset=\u00bbdefault\u00bb module_alignment=\u00bbcenter\u00bb custom_margin=\u00bb49px||||false|false\u00bb custom_margin_tablet=\u00bb\u00bb custom_margin_phone=\u00bb0px||||false|false\u00bb custom_margin_last_edited=\u00bbon|phone\u00bb auto=\u00bbon\u00bb auto_speed=\u00bb1700&#8243; border_radii=\u00bboff|150px||150px|\u00bb border_radii_tablet=\u00bb\u00bb border_radii_phone=\u00bboff|100px||100px|\u00bb border_radii_last_edited=\u00bbon|phone\u00bb][\/et_pb_gallery][\/et_pb_column][et_pb_column type=\u00bb1_2&#8243; _builder_version=\u00bb4.6.5&#8243;][et_pb_text _builder_version=\u00bb4.6.5&#8243; _module_preset=\u00bb0ef1cc5d-a363-4409-962d-4308924b8a7f\u00bb custom_margin=\u00bb41px||||false|false\u00bb]<\/p>\n<blockquote>\n<p><strong>\u00bb Aumentar siempre la exactitud y la pertinencia de nuestras m\u00e1quinas.\u00bb Toujours augmenter la justesse et la pertinence de nos machines.\u00bb<\/strong><\/p>\n<\/blockquote>\n<p>[\/et_pb_text][et_pb_text _builder_version=\u00bb4.6.5&#8243; _module_preset=\u00bb1c3ed268-e51d-4770-a6b8-cd881930577b\u00bb text_font_size_tablet=\u00bb\u00bb text_font_size_phone=\u00bb14px\u00bb text_font_size_last_edited=\u00bbon|phone\u00bb]<\/p>\n<p><strong style=\"font-size: 16px\">Empresa familiar desde hace m\u00e1s de 35 a\u00f1os,<strong>BM <em>emballage<\/em><\/strong> esta <\/strong><span style=\"font-size: 16px\">reconocida mundialmente como l\u00edder de los fabricantes de m\u00e1quinas dedicadas a los viveristas vin\u00edcolas.<\/span><\/p>\n<p><strong style=\"font-size: 16px\">Apoyada por su rama industrial SFERE BM,<\/strong><span style=\"font-size: 16px\"> nuestra empresa beneficia hoy en d\u00eda de importantes recursos humanos y econ\u00f3micos que nos permiten aplicar nuestro saber en otros \u00e1mbitos (industria, ostricultura&#8230;) y mantener asociaciones de calidad con actores importantes como SCHNEIDER &#8211; especialista mundial en gesti\u00f3n de energ\u00eda el\u00e9ctrica y automatizaci\u00f3n.<\/span><\/p>\n<p><span style=\"font-size: 16px\">Estos desarrollos, estas asociaciones y esta apertura de mente, nos llevan <strong>competencias y experiencias adicionales<\/strong> de las que beneficia la gama dedicada a los viveristas vit\u00edcolas.<\/span><span style=\"font-size: 16px\">\u00a0<\/span><span style=\"font-size: 16px\"><br \/><\/span><\/p>\n<p>[\/et_pb_text][\/et_pb_column][\/et_pb_row][\/et_pb_section][et_pb_section fb_built=\u00bb1&#8243; custom_padding_last_edited=\u00bbon|phone\u00bb _builder_version=\u00bb4.6.5&#8243; _module_preset=\u00bbdefault\u00bb background_color=\u00bb#f2f2f2&#8243; custom_padding=\u00bb38px||18px|||\u00bb custom_padding_tablet=\u00bb\u00bb custom_padding_phone=\u00bb50px||||false|false\u00bb top_divider_color=\u00bb#224584&#8243; top_divider_height=\u00bb52px\u00bb top_divider_flip=\u00bbvertical\u00bb bottom_divider_color=\u00bb#224584&#8243; da_disable_devices=\u00bboff|off|off\u00bb locked=\u00bboff\u00bb da_is_popup=\u00bboff\u00bb da_exit_intent=\u00bboff\u00bb da_has_close=\u00bbon\u00bb da_alt_close=\u00bboff\u00bb da_dark_close=\u00bboff\u00bb da_not_modal=\u00bbon\u00bb da_is_singular=\u00bboff\u00bb da_with_loader=\u00bboff\u00bb da_has_shadow=\u00bbon\u00bb][et_pb_row _builder_version=\u00bb4.5.6&#8243; _module_preset=\u00bbdefault\u00bb][et_pb_column type=\u00bb4_4&#8243; _builder_version=\u00bb4.5.6&#8243; _module_preset=\u00bbdefault\u00bb][et_pb_text _builder_version=\u00bb4.6.5&#8243; _module_preset=\u00bb3e83c471-5e65-4537-a855-d3569345055d\u00bb header_2_font=\u00bbMontserrat|700|||||||\u00bb header_2_text_align=\u00bbcenter\u00bb header_font_size_tablet=\u00bb\u00bb header_font_size_phone=\u00bb38px\u00bb header_font_size_last_edited=\u00bbon|phone\u00bb header_2_font_size_phone=\u00bb22px\u00bb]<\/p>\n<h2><strong>BM <em>emballage<\/em>, <\/strong>38 A\u00d1OS ACOMPA\u00d1ADO AL VIVERO VID<\/h2>\n<p>[\/et_pb_text][\/et_pb_column][\/et_pb_row][\/et_pb_section][et_pb_section fb_built=\u00bb1&#8243; custom_padding_last_edited=\u00bbon|phone\u00bb _builder_version=\u00bb4.6.5&#8243; _module_preset=\u00bbdefault\u00bb custom_padding=\u00bb109px|||||\u00bb custom_padding_tablet=\u00bb\u00bb custom_padding_phone=\u00bb109px||40px||false|false\u00bb da_disable_devices=\u00bboff|off|off\u00bb global_module=\u00bb223510&#8243; saved_tabs=\u00bball\u00bb locked=\u00bboff\u00bb da_is_popup=\u00bboff\u00bb da_exit_intent=\u00bboff\u00bb da_has_close=\u00bbon\u00bb da_alt_close=\u00bboff\u00bb da_dark_close=\u00bboff\u00bb da_not_modal=\u00bbon\u00bb da_is_singular=\u00bboff\u00bb da_with_loader=\u00bboff\u00bb da_has_shadow=\u00bbon\u00bb][et_pb_row _builder_version=\u00bb4.5.6&#8243; _module_preset=\u00bbdefault\u00bb custom_margin=\u00bb-57px|auto||auto||\u00bb][et_pb_column type=\u00bb4_4&#8243; _builder_version=\u00bb4.5.6&#8243; _module_preset=\u00bbdefault\u00bb][dica_divi_carousel item_width=\u00bb175px\u00bb transition_duration=\u00bb1500&#8243; autoplay=\u00bbon\u00bb item_spacing=\u00bb50&#8243; _builder_version=\u00bb4.6.5&#8243; _module_preset=\u00bb23598ee3-8185-4a6c-9204-3bfb2b846f6f\u00bb][dica_divi_carouselitem title=\u00bbBM6&#8243; url=\u00bbhttps:\/\/lab.bmemballage.com\/es\/maquina-de-limpieza-de-las-varas-de-cepa-madre-bm6\/\u00bb button_url_new_window=\u00bb1&#8243; image=\u00bbhttps:\/\/lab.bmemballage.com\/esp\/wp-content\/uploads\/sites\/7\/2020\/08\/BM-EMBALLAGE-BM6-MACHINE-A-DEVRILLER-LA-VIGNE-MERE.png\u00bb _builder_version=\u00bb4.6.5&#8243; _module_preset=\u00bbdefault\u00bb body_font=\u00bbOpen Sans|600|||||||\u00bb body_font_size=\u00bb12px\u00bb body_line_height=\u00bb1.4em\u00bb]<\/p>\n<p>M\u00c1QUINA DE LIMPIEZA DE<br \/>LAS VARAS DE CEPA MADRE<\/p>\n<p>[\/dica_divi_carouselitem][dica_divi_carouselitem title=\u00bbBM8&#8243; url=\u00bbhttps:\/\/lab.bmemballage.com\/es\/maquina-para-el-desbrote-y-desyemado-bm8\/\u00bb button_url_new_window=\u00bb1&#8243; image=\u00bbhttps:\/\/lab.bmemballage.com\/esp\/wp-content\/uploads\/sites\/7\/2020\/08\/BM-EMBALLAGE-BM8-MACHINE-A-EBOURGEONNER-ET-DEBOUTURER-LA-VIGNE-MERE.png\u00bb _builder_version=\u00bb4.6.5&#8243; _module_preset=\u00bbdefault\u00bb body_font=\u00bbOpen Sans|600|||||||\u00bb body_font_size=\u00bb12px\u00bb body_line_height=\u00bb1.4em\u00bb]<\/p>\n<p>MAQUINA PARA<br \/>EL DESBROTE Y DESYEMADO<\/p>\n<p>[\/dica_divi_carouselitem][dica_divi_carouselitem title=\u00bbBM116&#8243; url=\u00bbhttps:\/\/lab.bmemballage.com\/es\/maquina-de-corte-para-portainjertos-bm116\/\u00bb button_url_new_window=\u00bb1&#8243; image=\u00bbhttps:\/\/lab.bmemballage.com\/esp\/wp-content\/uploads\/sites\/7\/2020\/08\/BM-EMBALLAGE-MACHINE-POUR-LA-COUPE-DES-PORTE-GREFFES.png\u00bb _builder_version=\u00bb4.6.5&#8243; _module_preset=\u00bbdefault\u00bb body_font=\u00bbOpen Sans|600|||||||\u00bb body_font_size=\u00bb12px\u00bb body_line_height=\u00bb1.4em\u00bb]<\/p>\n<p>M\u00c1QUINA DE CORTE PARA PORTAINJERTOS<\/p>\n<p>[\/dica_divi_carouselitem][dica_divi_carouselitem title=\u00bbBM76G\u00bb url=\u00bbhttps:\/\/lab.bmemballage.com\/es\/maquina-de-cortar-yemas-bm76g\/\u00bb button_url_new_window=\u00bb1&#8243; image=\u00bbhttps:\/\/lab.bmemballage.com\/esp\/wp-content\/uploads\/sites\/7\/2020\/08\/BM-EMBALLAGE-MACHINE-POUR-LA-COUPE-DES-GREFFONS.png\u00bb _builder_version=\u00bb4.6.5&#8243; _module_preset=\u00bbdefault\u00bb body_font=\u00bbOpen Sans|600|||||||\u00bb body_font_size=\u00bb12px\u00bb body_line_height=\u00bb1.4em\u00bb]<\/p>\n<p>MAQUINA DE CORTAR YEMAS<\/p>\n<p>[\/dica_divi_carouselitem][dica_divi_carouselitem title=\u00bbBM76S\u00bb url=\u00bbhttps:\/\/lab.bmemballage.com\/es\/maquina-de-cortar-yemas-speed-bm76s\/\u00bb button_url_new_window=\u00bb1&#8243; image=\u00bbhttps:\/\/lab.bmemballage.com\/esp\/wp-content\/uploads\/sites\/7\/2020\/08\/BM76S_0003_BM76S-360.103.jpg\u00bb _builder_version=\u00bb4.6.5&#8243; _module_preset=\u00bbdefault\u00bb body_font=\u00bbOpen Sans|600|||||||\u00bb body_font_size=\u00bb12px\u00bb body_line_height=\u00bb1.4em\u00bb]<\/p>\n<p>MAQUINA DE CORTAR YEMAS &#8211; SPEED<\/p>\n<p>[\/dica_divi_carouselitem][dica_divi_carouselitem title=\u00bbB18P\u00bb url=\u00bbhttps:\/\/lab.bmemballage.com\/es\/flejadora-semi-automatica-b18p\/\u00bb button_url_new_window=\u00bb1&#8243; image=\u00bbhttps:\/\/lab.bmemballage.com\/esp\/wp-content\/uploads\/sites\/7\/2020\/08\/BM-EMBALLAGE-B18P-CERCLEUSE-SEMI-AUTOMATIQUE.png\u00bb _builder_version=\u00bb4.6.5&#8243; _module_preset=\u00bbdefault\u00bb body_font=\u00bbOpen Sans|600|||||||\u00bb body_font_size=\u00bb12px\u00bb body_line_height=\u00bb1.4em\u00bb]<\/p>\n<p>FLEJADORA SEMI-AUTOMATICA<\/p>\n<p>[\/dica_divi_carouselitem][\/dica_divi_carousel][\/et_pb_column][\/et_pb_row][et_pb_row _builder_version=\u00bb4.5.6&#8243; _module_preset=\u00bbdefault\u00bb][et_pb_column type=\u00bb4_4&#8243; _builder_version=\u00bb4.5.6&#8243; _module_preset=\u00bbdefault\u00bb][et_pb_button button_url=\u00bbhttps:\/\/lab.bmemballage.com\/es\/todas-nuestras-maquinas\/\u00bb button_text=\u00bbDESCUBRIR\u00bb _builder_version=\u00bb4.6.5&#8243; _module_preset=\u00bbdefault\u00bb button_text_color=\u00bb#224584&#8243; button_border_color=\u00bb#224584&#8243; custom_padding_tablet=\u00bb\u00bb custom_padding_phone=\u00bb10px||10px||false|false\u00bb custom_padding_last_edited=\u00bbon|phone\u00bb button_text_size_tablet=\u00bb\u00bb button_text_size_phone=\u00bb18px\u00bb button_text_size_last_edited=\u00bbon|phone\u00bb][\/et_pb_button][\/et_pb_column][\/et_pb_row][\/et_pb_section][et_pb_section fb_built=\u00bb1&#8243; custom_padding_last_edited=\u00bbon|phone\u00bb _builder_version=\u00bb4.6.5&#8243; _module_preset=\u00bbdefault\u00bb background_color=\u00bb#f4f4f4&#8243; custom_padding=\u00bb0px||25px||false|false\u00bb custom_padding_tablet=\u00bb\u00bb custom_padding_phone=\u00bb0px||40px||false|false\u00bb da_disable_devices=\u00bboff|off|off\u00bb global_module=\u00bb224043&#8243; saved_tabs=\u00bball\u00bb da_is_popup=\u00bboff\u00bb da_exit_intent=\u00bboff\u00bb da_has_close=\u00bbon\u00bb da_alt_close=\u00bboff\u00bb da_dark_close=\u00bboff\u00bb da_not_modal=\u00bbon\u00bb da_is_singular=\u00bboff\u00bb da_with_loader=\u00bboff\u00bb da_has_shadow=\u00bbon\u00bb][et_pb_row custom_padding_last_edited=\u00bbon|phone\u00bb _builder_version=\u00bb4.6.5&#8243; _module_preset=\u00bbdefault\u00bb custom_padding=\u00bb88px|||||\u00bb custom_padding_tablet=\u00bb\u00bb custom_padding_phone=\u00bb40px||20px||false|false\u00bb][et_pb_column type=\u00bb4_4&#8243; _builder_version=\u00bb4.5.6&#8243; _module_preset=\u00bbdefault\u00bb][et_pb_text _builder_version=\u00bb4.6.5&#8243; _module_preset=\u00bb9f353592-c401-4573-8e18-c215935ce6ec\u00bb text_font_size_tablet=\u00bb\u00bb text_font_size_phone=\u00bb18px\u00bb text_font_size_last_edited=\u00bbon|phone\u00bb]<\/p>\n<p>Para cualquier solicitud de presupuesto e informaci\u00f3n, no dude ponerse en contacto con nuestros asesores.<\/p>\n<p>[\/et_pb_text][\/et_pb_column][\/et_pb_row][et_pb_row _builder_version=\u00bb4.5.6&#8243; _module_preset=\u00bbdefault\u00bb][et_pb_column type=\u00bb4_4&#8243; _builder_version=\u00bb4.5.6&#8243; _module_preset=\u00bbdefault\u00bb][et_pb_button button_url=\u00bbhttps:\/\/lab.bmemballage.com\/es\/contacto\/#contactenos\u00bb button_text=\u00bbCont\u00e1ctar\u00bb _builder_version=\u00bb4.9.1&#8243; _module_preset=\u00bbe70fe75c-e6cc-4ac8-a9c9-8b2701734146&#8243; button_text_color=\u00bb#ffffff\u00bb button_bg_color=\u00bb#224584&#8243; button_font=\u00bbOpen Sans|600||on|||||\u00bb custom_padding=\u00bb10px||10px||false|false\u00bb button_text_size_tablet=\u00bb\u00bb button_text_size_phone=\u00bb18px\u00bb button_text_size_last_edited=\u00bbon|phone\u00bb][\/et_pb_button][\/et_pb_column][\/et_pb_row][\/et_pb_section]<\/p>\n","protected":false},"excerpt":{"rendered":"<p>PRAGMATISMO, REACTIVIDAD &amp; INNOVACI\u00d3NNUESTRA MISI\u00d3N Ayudar a nuestros clientes a ser m\u00e1s competitivos, m\u00e1s reactivos, m\u00e1s flexibles en el mercado y m\u00e1s estables ante las crisis. En un contexto cada vez m\u00e1s competitivo y complejo, los desaf\u00edos del oficio de viverista vit\u00edcola exigen hacer evolucionar los modelos de producci\u00f3n para ganar competitividad. Desde sus inicios,\u00a0BM [&hellip;]<\/p>\n","protected":false},"author":1,"featured_media":0,"parent":0,"menu_order":0,"comment_status":"closed","ping_status":"closed","template":"","meta":{"_et_pb_use_builder":"on","_et_pb_old_content":"","_et_gb_content_width":"","inline_featured_image":false,"footnotes":""},"acf":[],"yoast_head":"<!-- This site is optimized with the Yoast SEO Premium plugin v15.0 - https:\/\/yoast.com\/wordpress\/plugins\/seo\/ -->\n<title>BM EMBALLAGE ESP | Aider nos clients \u00e0 gagner en comp\u00e9titivit\u00e9<\/title>\n<meta name=\"description\" content=\"Depuis plus de 35 ans, BM emballage est reconnue mondialement comme leader des fabricants de machines pour les p\u00e9pini\u00e9ristes viticoles...\" \/>\n<meta name=\"robots\" content=\"index, follow, max-snippet:-1, max-image-preview:large, max-video-preview:-1\" \/>\n<link rel=\"canonical\" href=\"https:\/\/lab.bmemballage.com\/es\/nuestra-empresa\/\" \/>\n<meta property=\"og:locale\" content=\"es_ES\" \/>\n<meta property=\"og:type\" content=\"article\" \/>\n<meta property=\"og:title\" content=\"BM EMBALLAGE ESP | Aider nos clients \u00e0 gagner en comp\u00e9titivit\u00e9\" \/>\n<meta property=\"og:description\" content=\"Depuis plus de 35 ans, BM emballage est reconnue mondialement comme leader des fabricants de machines pour les p\u00e9pini\u00e9ristes viticoles...\" \/>\n<meta property=\"og:site_name\" content=\"BM EMBALLAGE ESP\" \/>\n<meta property=\"article:modified_time\" content=\"2021-05-12T19:39:39+00:00\" \/>\n<meta name=\"twitter:card\" content=\"summary_large_image\" \/>\n<script type=\"application\/ld+json\" class=\"yoast-schema-graph\">{\"@context\":\"https:\/\/schema.org\",\"@graph\":[{\"@type\":\"Organization\",\"@id\":\"https:\/\/lab.bmemballage.com\/es\/#organization\",\"name\":\"BM EMBALLAGE\",\"url\":\"https:\/\/lab.bmemballage.com\/es\/\",\"sameAs\":[],\"logo\":{\"@type\":\"ImageObject\",\"@id\":\"https:\/\/lab.bmemballage.com\/es\/#logo\",\"inLanguage\":\"es\",\"url\":\"https:\/\/lab.bmemballage.com\/es\/wp-content\/uploads\/sites\/7\/2020\/07\/BM-EMBALLAGE-GAMME-PEPINIERISTE-LOGO.png\",\"width\":954,\"height\":388,\"caption\":\"BM EMBALLAGE\"},\"image\":{\"@id\":\"https:\/\/lab.bmemballage.com\/es\/#logo\"}},{\"@type\":\"WebSite\",\"@id\":\"https:\/\/lab.bmemballage.com\/es\/#website\",\"url\":\"https:\/\/lab.bmemballage.com\/es\/\",\"name\":\"BM EMBALLAGE ESP\",\"description\":\"GAMME DE MACHINE POUR P\\u00c9PINIERISTES VITICOLES\",\"publisher\":{\"@id\":\"https:\/\/lab.bmemballage.com\/es\/#organization\"},\"potentialAction\":[{\"@type\":\"SearchAction\",\"target\":\"https:\/\/lab.bmemballage.com\/es\/?s={search_term_string}\",\"query-input\":\"required name=search_term_string\"}],\"inLanguage\":\"es\"},{\"@type\":\"WebPage\",\"@id\":\"https:\/\/lab.bmemballage.com\/es\/nuestra-empresa\/#webpage\",\"url\":\"https:\/\/lab.bmemballage.com\/es\/nuestra-empresa\/\",\"name\":\"BM EMBALLAGE ESP | Aider nos clients \\u00e0 gagner en comp\\u00e9titivit\\u00e9\",\"isPartOf\":{\"@id\":\"https:\/\/lab.bmemballage.com\/es\/#website\"},\"datePublished\":\"2020-06-15T14:16:52+00:00\",\"dateModified\":\"2021-05-12T19:39:39+00:00\",\"description\":\"Depuis plus de 35 ans, BM emballage est reconnue mondialement comme leader des fabricants de machines pour les p\\u00e9pini\\u00e9ristes viticoles...\",\"inLanguage\":\"es\",\"potentialAction\":[{\"@type\":\"ReadAction\",\"target\":[\"https:\/\/lab.bmemballage.com\/es\/nuestra-empresa\/\"]}]}]}<\/script>\n<!-- \/ Yoast SEO Premium plugin. -->","_links":{"self":[{"href":"https:\/\/lab.bmemballage.com\/es\/wp-json\/wp\/v2\/pages\/23"}],"collection":[{"href":"https:\/\/lab.bmemballage.com\/es\/wp-json\/wp\/v2\/pages"}],"about":[{"href":"https:\/\/lab.bmemballage.com\/es\/wp-json\/wp\/v2\/types\/page"}],"author":[{"embeddable":true,"href":"https:\/\/lab.bmemballage.com\/es\/wp-json\/wp\/v2\/users\/1"}],"replies":[{"embeddable":true,"href":"https:\/\/lab.bmemballage.com\/es\/wp-json\/wp\/v2\/comments?post=23"}],"version-history":[{"count":0,"href":"https:\/\/lab.bmemballage.com\/es\/wp-json\/wp\/v2\/pages\/23\/revisions"}],"wp:attachment":[{"href":"https:\/\/lab.bmemballage.com\/es\/wp-json\/wp\/v2\/media?parent=23"}],"curies":[{"name":"wp","href":"https:\/\/api.w.org\/{rel}","templated":true}]}}